{"id":136,"date":"2021-06-12T07:48:22","date_gmt":"2021-06-12T07:48:22","guid":{"rendered":"https:\/\/www.knihovnaprosec.cz\/?page_id=136"},"modified":"2024-03-25T12:01:01","modified_gmt":"2024-03-25T12:01:01","slug":"cenik","status":"publish","type":"page","link":"https:\/\/www.knihovnaprosec.cz\/index.php\/cenik\/","title":{"rendered":"Cen\u00edk"},"content":{"rendered":"\n<p><strong>Ro\u010dn\u00ed registra\u010dn\u00ed poplatek<\/strong><\/p>\n\n\n\n<p>200,- K\u010d\u00a0\u00a0\u00a0\u00a0\u00a0\u00a0\u00a0\u00a0\u00a0\u00a0dosp\u011bl\u00ed a ml\u00e1de\u017e nad 15 let<\/p>\n\n\n\n<p>zdarma\u00a0\u00a0\u00a0\u00a0 \u00a0\u00a0\u00a0\u00a0\u00a0\u00a0\u00a0 d\u011bti do 15 let, \u017e\u00e1ci Z\u0160 a M\u0160 Prose\u010d<\/p>\n\n\n\n<p>100,- K\u010d\u00a0\u00a0\u00a0\u00a0\u00a0\u00a0\u00a0\u00a0\u00a0\u00a0\u00a0ostatn\u00ed d\u011bti do 15 let<\/p>\n\n\n\n<p><strong>Jednor\u00e1zov\u00e1 v\u00fdp\u016fj\u010dka<\/strong><\/p>\n\n\n\n<p>20,- K\u010d\/1svazek<\/p>\n\n\n\n<p><strong>MVS <\/strong>(meziknihovn\u00ed v\u00fdp\u016fj\u010dn\u00ed slu\u017eba)<\/p>\n\n\n\n<p>70,- K\u010d&nbsp;&nbsp;&nbsp;&nbsp;&nbsp;&nbsp;&nbsp;&nbsp;&nbsp;&nbsp;&nbsp;&nbsp; 1svazek + \u00fahrada po\u0161tovn\u00e9ho<\/p>\n\n\n\n<p>Poplatek za meziknihovn\u00ed slu\u017ebu se ne\u00fa\u010dtuje pouze v&nbsp;p\u0159\u00edpad\u011b, \u017ee je kniha vyp\u016fj\u010dena osobn\u011b z&nbsp;M\u011bstsk\u00e9 knihovny v&nbsp;Chrudimi.<\/p>\n\n\n\n<p><strong>Poplatek za pozdn\u00ed vr\u00e1cen\u00ed knih&nbsp;&nbsp;&nbsp;&nbsp;&nbsp;&nbsp;&nbsp;&nbsp;&nbsp;&nbsp;&nbsp;&nbsp;&nbsp;&nbsp;&nbsp;&nbsp;&nbsp;&nbsp;&nbsp;&nbsp;&nbsp;&nbsp;&nbsp;<\/strong><\/p>\n\n\n\n<p>Za ka\u017ed\u00fdch 30 dn\u00ed po uplynut\u00ed v\u00fdp\u016fj\u010dn\u00ed lh\u016fty 10,- K\u010d za knihu + po\u0161tovn\u00e9 za odesl\u00e1n\u00ed upom\u00ednky.<\/p>\n\n\n\n<p>1. upom\u00ednka \u2013 po 2 m\u011bs\u00edc\u00edch            10,- K\u010d za ka\u017edou knihu<\/p>\n\n\n\n<p>2. upom\u00ednka \u2013 po 3 m\u011bs\u00edc\u00edch           20,- K\u010d za ka\u017edou knihu + po\u0161tovn\u00e9<\/p>\n\n\n\n<p>3. upom\u00ednka \u2013 po 4 m\u011bs\u00edc\u00edch           30,- K\u010d za ka\u017edou knihu + po\u0161tovn\u00e9<\/p>\n\n\n\n<p><\/p>\n\n\n\n<p><strong>Kop\u00edrov\u00e1n\u00ed a tisk<\/strong>&nbsp;&nbsp;&nbsp;&nbsp;&nbsp;&nbsp;&nbsp;&nbsp;&nbsp;&nbsp;&nbsp;&nbsp;&nbsp;&nbsp;&nbsp;&nbsp;&nbsp;&nbsp;&nbsp;&nbsp;&nbsp;&nbsp;&nbsp;&nbsp;&nbsp;&nbsp;&nbsp;&nbsp;&nbsp;&nbsp;&nbsp;&nbsp;&nbsp;&nbsp;&nbsp;&nbsp;&nbsp;&nbsp;&nbsp;&nbsp;&nbsp;&nbsp;&nbsp;&nbsp;&nbsp;&nbsp;&nbsp;&nbsp;&nbsp;&nbsp;&nbsp;&nbsp;&nbsp;&nbsp;&nbsp;&nbsp;&nbsp;&nbsp;&nbsp;<\/p>\n\n\n\n<p>\u010cernob\u00edl\u00fd jednostrann\u00fd A4&nbsp;&nbsp;&nbsp;&nbsp;&nbsp;&nbsp;&nbsp;&nbsp;&nbsp;&nbsp;&nbsp;&nbsp;&nbsp;&nbsp;&nbsp;&nbsp;&nbsp;&nbsp;&nbsp;&nbsp;&nbsp;&nbsp;&nbsp;&nbsp;&nbsp;&nbsp;&nbsp;&nbsp;&nbsp;&nbsp;&nbsp;&nbsp;&nbsp;&nbsp;&nbsp;&nbsp;&nbsp; 5,- K\u010d<\/p>\n\n\n\n<p>\u010cernob\u00edl\u00fd oboustrann\u00fd A4&nbsp;&nbsp;&nbsp;&nbsp;&nbsp;&nbsp;&nbsp;&nbsp;&nbsp;&nbsp;&nbsp;&nbsp;&nbsp;&nbsp;&nbsp;&nbsp;&nbsp;&nbsp;&nbsp;&nbsp;&nbsp;&nbsp;&nbsp;&nbsp;&nbsp;&nbsp;&nbsp;&nbsp;&nbsp;&nbsp;&nbsp;&nbsp;&nbsp;&nbsp;&nbsp;&nbsp;&nbsp;&nbsp;10,- K\u010d<\/p>\n\n\n\n<p>Barevn\u00e1 jednostrann\u00e1 A4&nbsp;&nbsp;&nbsp;&nbsp;&nbsp;&nbsp;&nbsp;&nbsp;&nbsp;&nbsp;&nbsp;&nbsp;&nbsp;&nbsp;&nbsp;&nbsp;&nbsp;&nbsp;&nbsp;&nbsp;&nbsp;&nbsp;&nbsp;&nbsp;&nbsp;&nbsp;&nbsp;&nbsp;&nbsp;&nbsp;&nbsp;&nbsp;&nbsp;&nbsp;&nbsp;&nbsp;&nbsp;   10,- K\u010d<\/p>\n\n\n\n<p>Barevn\u00e1 jednostrann\u00e1  A4&nbsp;&nbsp;&nbsp;&nbsp;&nbsp;&nbsp;&nbsp;&nbsp;&nbsp;&nbsp;&nbsp;&nbsp;&nbsp;&nbsp;&nbsp;&nbsp;&nbsp;&nbsp;&nbsp;&nbsp;&nbsp;&nbsp;&nbsp;&nbsp;&nbsp;&nbsp;&nbsp;&nbsp;&nbsp;&nbsp;&nbsp;&nbsp;&nbsp;      20,- K\u010d<\/p>\n\n\n\n<p><strong>Skenov\u00e1n\u00ed\u00a0\u00a0\u00a0\u00a0\u00a0\u00a0\u00a0\u00a0\u00a0\u00a0\u00a0\u00a0\u00a0\u00a0\u00a0\u00a0\u00a0\u00a0\u00a0\u00a0\u00a0\u00a0\u00a0\u00a0\u00a0\u00a0\u00a0\u00a0\u00a0\u00a0\u00a0\u00a0\u00a0\u00a0\u00a0\u00a0\u00a0\u00a0\u00a0\u00a0\u00a0\u00a0\u00a0\u00a0\u00a0\u00a0\u00a0\u00a0\u00a0\u00a0\u00a0\u00a0\u00a0\u00a0\u00a0\u00a0\u00a0\u00a0\u00a0\u00a0\u00a0\u00a0\u00a0  \u00a0\u00a0\u00a0\u00a0\u00a0\u00a0 \u00a0 <\/strong>zdarma<\/p>\n\n\n\n<p><strong>Laminov\u00e1n\u00ed<\/strong>&nbsp;&nbsp;&nbsp;&nbsp;&nbsp;&nbsp;&nbsp;&nbsp;&nbsp;&nbsp;&nbsp;&nbsp;&nbsp;&nbsp;&nbsp;&nbsp;&nbsp;&nbsp;&nbsp;&nbsp;&nbsp;&nbsp;&nbsp;&nbsp;&nbsp;&nbsp;&nbsp;&nbsp;&nbsp;&nbsp;&nbsp;&nbsp;&nbsp;&nbsp;&nbsp;&nbsp;&nbsp;&nbsp;&nbsp;&nbsp;&nbsp;&nbsp;&nbsp;&nbsp;&nbsp;&nbsp;&nbsp;&nbsp;&nbsp;&nbsp;&nbsp;&nbsp;&nbsp;&nbsp;&nbsp;&nbsp;&nbsp;&nbsp;&nbsp;&nbsp;&nbsp;&nbsp;&nbsp;&nbsp;&nbsp;&nbsp;&nbsp;&nbsp;  20,- K\u010d<\/p>\n\n\n\n<p><strong>V\u00e1z\u00e1n\u00ed dokument\u016f do krou\u017ekov\u00e9 vazby\u00a0\u00a0\u00a0\u00a0\u00a0\u00a0  \u00a0\u00a0<\/strong>20,- K\u010d<\/p>\n\n\n\n<p>Tento cen\u00edk je p\u0159\u00edlohou Knihovn\u00edho \u0159\u00e1du M\u011bstsk\u00e9 knihovny v&nbsp;Prose\u010di.<\/p>\n\n\n\n<p>Cen\u00edk nab\u00fdv\u00e1 platnosti od 1. 1. 2024<\/p>\n","protected":false},"excerpt":{"rendered":"<p>Ro\u010dn\u00ed registra\u010dn\u00ed poplatek 200,- K\u010d\u00a0\u00a0\u00a0\u00a0\u00a0\u00a0\u00a0\u00a0\u00a0\u00a0dosp\u011bl\u00ed a ml\u00e1de\u017e nad 15 let zdarma\u00a0\u00a0\u00a0\u00a0 \u00a0\u00a0\u00a0\u00a0\u00a0\u00a0\u00a0 d\u011bti do 15 let, \u017e\u00e1ci Z\u0160 a M\u0160 Prose\u010d 100,- K\u010d\u00a0\u00a0\u00a0\u00a0\u00a0\u00a0\u00a0\u00a0\u00a0\u00a0\u00a0ostatn\u00ed d\u011bti do 15 let Jednor\u00e1zov\u00e1 v\u00fdp\u016fj\u010dka 20,- K\u010d\/1svazek MVS (meziknihovn\u00ed v\u00fdp\u016fj\u010dn\u00ed slu\u017eba) 70,- K\u010d&nbsp;&nbsp;&nbsp;&nbsp;&nbsp;&nbsp;&nbsp;&nbsp;&nbsp;&nbsp;&nbsp;&nbsp; 1svazek + \u00fahrada po\u0161tovn\u00e9ho Poplatek za meziknihovn\u00ed slu\u017ebu se ne\u00fa\u010dtuje pouze v&nbsp;p\u0159\u00edpad\u011b, \u017ee je kniha vyp\u016fj\u010dena osobn\u011b z&nbsp;M\u011bstsk\u00e9 &hellip; <\/p>\n<p class=\"link-more\"><a href=\"https:\/\/www.knihovnaprosec.cz\/index.php\/cenik\/\" class=\"more-link\">Pokra\u010dovat ve \u010dten\u00ed<span class=\"screen-reader-text\"> &#8222;Cen\u00edk&#8220;<\/span><\/a><\/p>\n","protected":false},"author":1,"featured_media":0,"parent":0,"menu_order":0,"comment_status":"closed","ping_status":"closed","template":"","meta":{"footnotes":""},"class_list":["post-136","page","type-page","status-publish","hentry"],"_links":{"self":[{"href":"https:\/\/www.knihovnaprosec.cz\/index.php\/wp-json\/wp\/v2\/pages\/136","targetHints":{"allow":["GET"]}}],"collection":[{"href":"https:\/\/www.knihovnaprosec.cz\/index.php\/wp-json\/wp\/v2\/pages"}],"about":[{"href":"https:\/\/www.knihovnaprosec.cz\/index.php\/wp-json\/wp\/v2\/types\/page"}],"author":[{"embeddable":true,"href":"https:\/\/www.knihovnaprosec.cz\/index.php\/wp-json\/wp\/v2\/users\/1"}],"replies":[{"embeddable":true,"href":"https:\/\/www.knihovnaprosec.cz\/index.php\/wp-json\/wp\/v2\/comments?post=136"}],"version-history":[{"count":7,"href":"https:\/\/www.knihovnaprosec.cz\/index.php\/wp-json\/wp\/v2\/pages\/136\/revisions"}],"predecessor-version":[{"id":651,"href":"https:\/\/www.knihovnaprosec.cz\/index.php\/wp-json\/wp\/v2\/pages\/136\/revisions\/651"}],"wp:attachment":[{"href":"https:\/\/www.knihovnaprosec.cz\/index.php\/wp-json\/wp\/v2\/media?parent=136"}],"curies":[{"name":"wp","href":"https:\/\/api.w.org\/{rel}","templated":true}]}}