{"id":9,"date":"2021-06-03T20:47:49","date_gmt":"2021-06-03T20:47:49","guid":{"rendered":"https:\/\/www.knihovnaprosec.cz\/?page_id=9"},"modified":"2021-06-03T21:43:27","modified_gmt":"2021-06-03T21:43:27","slug":"o-nas","status":"publish","type":"page","link":"https:\/\/www.knihovnaprosec.cz\/index.php\/o-nas\/","title":{"rendered":"O n\u00e1s"},"content":{"rendered":"\n<p>M\u011bstsk\u00e1 knihovna Prose\u010d je ve\u0159ejn\u00e1 knihovna s univerz\u00e1ln\u00edm knihovn\u00edm fondem ur\u010den\u00e1 prioritn\u011b pro \u010dten\u00e1\u0159e a ob\u010dany m\u011bsta Prose\u010d. Z\u0159izovatelem knihovny je m\u011bsto Prose\u010d. Knihovn\u00ed fond \u010din\u00ed t\u00e9m\u011b\u0159 10 000 knih a \u010dasopis\u016f.<\/p>\n\n\n\n<p><strong>Slu\u017eby knihovny:<\/strong><\/p>\n\n\n\n<p>&#8211; p\u016fj\u010dov\u00e1n\u00ed knih a \u010dasopis\u016f<br>&#8211; rezervace knih a \u010dasopis\u016f<br>&#8211; meziknihovn\u00ed v\u00fdp\u016fj\u010dn\u00ed slu\u017ebu<br>&#8211; prodej knih vyd\u00e1van\u00fdch m\u011bstem Prose\u010d<br>&#8211; besedy pro z\u00e1kladn\u00ed a mate\u0159skou \u0161kolu<br>&#8211; ve\u0159ejn\u00fd internet<br>&#8211; kop\u00edrov\u00e1n\u00ed, tisk<br>&#8211; laminov\u00e1n\u00ed<br>&#8211; v\u00e1z\u00e1n\u00ed dokument\u016f do krou\u017ekov\u00e9 vazby<br>&#8211; parkovi\u0161t\u011b a stojan na kola u knihovny pro n\u00e1v\u0161t\u011bvn\u00edky<br>&#8211; bezbari\u00e9rov\u00fd p\u0159\u00edstup do knihovny<\/p>\n\n\n\n<div class=\"wp-block-columns is-layout-flex wp-container-core-columns-is-layout-9d6595d7 wp-block-columns-is-layout-flex\">\n<div class=\"wp-block-column is-layout-flow wp-block-column-is-layout-flow\" style=\"flex-basis:100%\"><\/div>\n<\/div>\n\n\n\n<div class=\"wp-block-columns are-vertically-aligned-top is-layout-flex wp-container-core-columns-is-layout-9d6595d7 wp-block-columns-is-layout-flex\">\n<div class=\"wp-block-column is-vertically-aligned-top is-layout-flow wp-block-column-is-layout-flow\" style=\"flex-basis:100%\"><\/div>\n<\/div>\n","protected":false},"excerpt":{"rendered":"<p>M\u011bstsk\u00e1 knihovna Prose\u010d je ve\u0159ejn\u00e1 knihovna s univerz\u00e1ln\u00edm knihovn\u00edm fondem ur\u010den\u00e1 prioritn\u011b pro \u010dten\u00e1\u0159e a ob\u010dany m\u011bsta Prose\u010d. Z\u0159izovatelem knihovny je m\u011bsto Prose\u010d. Knihovn\u00ed fond \u010din\u00ed t\u00e9m\u011b\u0159 10 000 knih a \u010dasopis\u016f. Slu\u017eby knihovny: &#8211; p\u016fj\u010dov\u00e1n\u00ed knih a \u010dasopis\u016f&#8211; rezervace knih a \u010dasopis\u016f&#8211; meziknihovn\u00ed v\u00fdp\u016fj\u010dn\u00ed slu\u017ebu&#8211; prodej knih vyd\u00e1van\u00fdch m\u011bstem Prose\u010d&#8211; besedy pro z\u00e1kladn\u00ed a &hellip; <\/p>\n<p class=\"link-more\"><a href=\"https:\/\/www.knihovnaprosec.cz\/index.php\/o-nas\/\" class=\"more-link\">Pokra\u010dovat ve \u010dten\u00ed<span class=\"screen-reader-text\"> &#8222;O n\u00e1s&#8220;<\/span><\/a><\/p>\n","protected":false},"author":1,"featured_media":0,"parent":0,"menu_order":0,"comment_status":"closed","ping_status":"closed","template":"","meta":{"footnotes":""},"class_list":["post-9","page","type-page","status-publish","hentry"],"_links":{"self":[{"href":"https:\/\/www.knihovnaprosec.cz\/index.php\/wp-json\/wp\/v2\/pages\/9","targetHints":{"allow":["GET"]}}],"collection":[{"href":"https:\/\/www.knihovnaprosec.cz\/index.php\/wp-json\/wp\/v2\/pages"}],"about":[{"href":"https:\/\/www.knihovnaprosec.cz\/index.php\/wp-json\/wp\/v2\/types\/page"}],"author":[{"embeddable":true,"href":"https:\/\/www.knihovnaprosec.cz\/index.php\/wp-json\/wp\/v2\/users\/1"}],"replies":[{"embeddable":true,"href":"https:\/\/www.knihovnaprosec.cz\/index.php\/wp-json\/wp\/v2\/comments?post=9"}],"version-history":[{"count":5,"href":"https:\/\/www.knihovnaprosec.cz\/index.php\/wp-json\/wp\/v2\/pages\/9\/revisions"}],"predecessor-version":[{"id":59,"href":"https:\/\/www.knihovnaprosec.cz\/index.php\/wp-json\/wp\/v2\/pages\/9\/revisions\/59"}],"wp:attachment":[{"href":"https:\/\/www.knihovnaprosec.cz\/index.php\/wp-json\/wp\/v2\/media?parent=9"}],"curies":[{"name":"wp","href":"https:\/\/api.w.org\/{rel}","templated":true}]}}